{"id":80,"date":"2018-05-08T07:42:28","date_gmt":"2018-05-08T07:42:28","guid":{"rendered":"http:\/\/ottar.edge-themes.com\/?page_id=80"},"modified":"2020-09-07T17:00:12","modified_gmt":"2020-09-07T17:00:12","slug":"mieux-nous-connaitre","status":"publish","type":"page","link":"https:\/\/souslechapeau.fr\/index.php\/mieux-nous-connaitre\/","title":{"rendered":"Mieux nous conna\u00eetre"},"content":{"rendered":"<p>[vc_row row_content_width=\u00a0\u00bbgrid\u00a0\u00bb css=\u00a0\u00bb.vc_custom_1527148185770{padding-top: 59px !important;padding-bottom: 135px !important;}\u00a0\u00bb][vc_column]<div class=\"edgtf-elements-holder   edgtf-one-column  edgtf-responsive-mode-768 \" ><div class=\"edgtf-eh-item    \"  data-item-class=\"edgtf-eh-custom-1828\" data-1367-1600=\"0px 41% 0px 0px\" data-1025-1366=\"0px 32% 0px 0px\" data-769-1024=\"0px 25% 0px 0px\" data-681-768=\"0px 0 0px 0px\" data-680=\"0px 0px 0px 0px\">\n    <div class=\"edgtf-eh-item-inner\">\n        <div class=\"edgtf-eh-item-content edgtf-eh-custom-1828\" style=\"padding: 0px 42% 0px 0px\">\n            [vc_column_text]<\/p>\n<div class=\"wpb_text_column wpb_content_element \">\n<div class=\"wpb_wrapper\">\n<h1>Talents connect\u00e9s e<strong>n mode horizontal : <\/strong><strong>collectif audacieux mais responsable.<\/strong><\/h1>\n<\/div>\n<\/div>\n<p>[\/vc_column_text]        <\/div>\n    <\/div>\n<\/div><\/div>[\/vc_column][\/vc_row][vc_row row_content_width=\u00a0\u00bbgrid\u00a0\u00bb][vc_column][vc_empty_space height=\u00a0\u00bb24px\u00a0\u00bb][vc_row_inner][vc_column_inner][vc_column_text]L\u2019\u00e9quipe[\/vc_column_text][vc_empty_space height=\u00a0\u00bb8px\u00a0\u00bb][vc_column_text]<\/p>\n<h2>1 2 3 . . . 13 14 15 et plus&#8230;<\/h2>\n<h2>Experts compl\u00e9mentaires, pour multiplier les talents et harmoniser les comp\u00e9tences.<\/h2>\n<h4><\/h4>\n<h4>En fonction des projets confi\u00e9s <strong>Sous le chapeau<\/strong> structure une \u00e9quipe d\u00e9di\u00e9e, exclusive et \u00e9volutive.<\/h4>\n<p>&nbsp;<\/p>\n<h5>Cr\u00e9atifs, enthousiastes et ouverts \u00e0 360\u00b0, nous sommes une agence de communication pr\u00eate \u00e0 propulser votre business.<\/h5>\n<p>&nbsp;<\/p>\n<p>Nos solutions ne sortent pas d\u2019un chapeau. Nous concevons avec vous et pour vous les solutions originales en tenant compte du march\u00e9 et de vos objectifs.<\/p>\n<p>Notre structure \u00e0 taille humaine, nous rend r\u00e9actifs, disponibles et impliqu\u00e9s dans chaque mission, petite ou grande.<\/p>\n<p>Notre exp\u00e9rience du print, du web et de l\u2019\u00e9v\u00e9nementiel, nous ouvre \u00e0 tous les supports pour mettre l\u2019efficacit\u00e9 au c\u0153ur de chaque campagne.[\/vc_column_text][vc_empty_space height=\u00a0\u00bb30&Prime;][vc_empty_space height=\u00a0\u00bb15&Prime;][vc_column_text]Le m\u00e9tier[\/vc_column_text][vc_column_text]<\/p>\n<div class=\"wpb_text_column wpb_content_element \">\n<div class=\"wpb_wrapper\">\n<h5>Nous pensons qu\u2019avant d\u2019\u00e9laborer une strat\u00e9gie et un plan m\u00e9dia il faut s\u2019attacher \u00e0 construire les fondamentaux d\u2019une marque, son image.<\/h5>\n<p>&nbsp;<\/p>\n<h2>Nous r\u00e9pondons d\u2019abord \u00e0 \u00ab quoi dire et quoi montrer? \u00bb avant de r\u00e9soudre le \u00ab o\u00f9 et quand le dire? \u00bb<\/h2>\n<\/div>\n<\/div>\n<p>[\/vc_column_text][vc_empty_space height=\u00a0\u00bb8&Prime;][vc_column_text]Nous aimons d\u00e9tecter et identifier les singularit\u00e9s d\u2019une marque, la positionner sur son territoire. Mettre en valeur sa personnalit\u00e9, son savoir-faire et l\u2019aider \u00e0 raconter le meilleur sc\u00e9nario, montrer la plus belle image d\u2019elle-m\u00eame.<\/p>\n<h4><\/h4>\n<h4>Notre m\u00e9tier est de d\u00e9velopper des concepts, des id\u00e9es pour cr\u00e9er un contenu exclusif.<\/h4>\n<p>[\/vc_column_text][\/vc_column_inner][\/vc_row_inner][\/vc_column][\/vc_row][vc_row row_content_width=\u00a0\u00bbgrid\u00a0\u00bb css=\u00a0\u00bb.vc_custom_1526978667061{padding-right: 0px !important;padding-bottom: 110px !important;padding-left: 0px !important;}\u00a0\u00bb][vc_column][vc_empty_space height=\u00a0\u00bb100px\u00a0\u00bb]<div class=\"edgtf-call-to-action-holder  edgtf-normal-layout edgtf-content-in-grid edgtf-three-quarters-columns\">\n    <div class=\"edgtf-cta-inner edgtf-grid\">\n        <div class=\"edgtf-cta-text-holder\">\n            <div class=\"edgtf-cta-text\">\n<h3><span style=\"color: #999999;\">Besoin d\u2019un petit ou grand coup de main ? un renseignement ou un rendez-vous ?<\/span><\/h3>\n<\/div>\n        <\/div>\n        <div class=\"edgtf-cta-button-holder\" >\n            <div class=\"edgtf-cta-button\"><a itemprop=\"url\" href=\"mailto:info@souslechapeau.fr\" target=\"_self\"  class=\"edgtf-btn edgtf-btn-large edgtf-btn-outline\"  >            <span class=\"edgtf-btn-text\">\u00c9crivez-nous !<\/span>            <\/a><\/div>\n        <\/div>\n    <\/div>\n<\/div>[\/vc_column][\/vc_row][vc_row][vc_column][vc_row_inner content_placement=\u00a0\u00bbtop\u00a0\u00bb row_content_width=\u00a0\u00bbgrid\u00a0\u00bb][vc_column_inner][vc_column_text]Les coulisses[\/vc_column_text][vc_empty_space height=\u00a0\u00bb8px\u00a0\u00bb][vc_column_text]<\/p>\n<h3>Seul on va plus vite, ensemble on va plus loin.<\/h3>\n<h5><strong>Sous le Chapeau<\/strong> conna\u00eet du beau monde : photographes, r\u00e9dacteur, web designer, imprimeur\u2026 Ces talents s&rsquo;aventurent rarement devant l&rsquo;objectif, nous vous d\u00e9voilons l&rsquo;envers du d\u00e9cor.<\/h5>\n<p>[\/vc_column_text][vc_empty_space height=\u00a0\u00bb50&Prime;][\/vc_column_inner][\/vc_row_inner]<div class=\"edgtf-image-gallery edgtf-grid-list edgtf-grid-masonry-list edgtf-disable-bottom-space  edgtf-ig-masonry-type edgtf-six-columns edgtf-no-space  \">\n    <div class=\"edgtf-ig-inner edgtf-outer-space edgtf-masonry-list-wrapper\">\n        <div class=\"edgtf-masonry-grid-sizer\"><\/div>\n        <div class=\"edgtf-masonry-grid-gutter\"><\/div>\n                                <div class=\"edgtf-ig-image edgtf-item-space \">\n                <div class=\"edgtf-ig-image-inner\">\n                                                <img width=\"600\" height=\"600\" src=\"https:\/\/souslechapeau.fr\/wp-content\/uploads\/2020\/09\/SOUSLECHAPEAU_COMMUNICATION_C145.jpg\" class=\"attachment-full size-full\" alt=\"sous le chapeau communication mulhouse coulisses\" loading=\"lazy\" srcset=\"https:\/\/souslechapeau.fr\/wp-content\/uploads\/2020\/09\/SOUSLECHAPEAU_COMMUNICATION_C145.jpg 600w, https:\/\/souslechapeau.fr\/wp-content\/uploads\/2020\/09\/SOUSLECHAPEAU_COMMUNICATION_C145-300x300.jpg 300w, https:\/\/souslechapeau.fr\/wp-content\/uploads\/2020\/09\/SOUSLECHAPEAU_COMMUNICATION_C145-150x150.jpg 150w, https:\/\/souslechapeau.fr\/wp-content\/uploads\/2020\/09\/SOUSLECHAPEAU_COMMUNICATION_C145-550x550.jpg 550w, https:\/\/souslechapeau.fr\/wp-content\/uploads\/2020\/09\/SOUSLECHAPEAU_COMMUNICATION_C145-100x100.jpg 100w\" sizes=\"(max-width: 600px) 100vw, 600px\" \/>                                            <\/div>\n            <\/div>\n                                <div class=\"edgtf-ig-image edgtf-item-space \">\n                <div class=\"edgtf-ig-image-inner\">\n                                                <img width=\"2044\" height=\"2044\" src=\"https:\/\/souslechapeau.fr\/wp-content\/uploads\/2020\/09\/IMG_0258.jpg\" class=\"attachment-full size-full\" alt=\"SOUS LE CHAPEAU COMMUNICATION MULHOUSE ALSACE FRANCE\" loading=\"lazy\" srcset=\"https:\/\/souslechapeau.fr\/wp-content\/uploads\/2020\/09\/IMG_0258.jpg 2044w, https:\/\/souslechapeau.fr\/wp-content\/uploads\/2020\/09\/IMG_0258-300x300.jpg 300w, https:\/\/souslechapeau.fr\/wp-content\/uploads\/2020\/09\/IMG_0258-1024x1024.jpg 1024w, https:\/\/souslechapeau.fr\/wp-content\/uploads\/2020\/09\/IMG_0258-150x150.jpg 150w, https:\/\/souslechapeau.fr\/wp-content\/uploads\/2020\/09\/IMG_0258-768x768.jpg 768w, https:\/\/souslechapeau.fr\/wp-content\/uploads\/2020\/09\/IMG_0258-1536x1536.jpg 1536w, https:\/\/souslechapeau.fr\/wp-content\/uploads\/2020\/09\/IMG_0258-550x550.jpg 550w, https:\/\/souslechapeau.fr\/wp-content\/uploads\/2020\/09\/IMG_0258-1100x1100.jpg 1100w, https:\/\/souslechapeau.fr\/wp-content\/uploads\/2020\/09\/IMG_0258-600x600.jpg 600w, https:\/\/souslechapeau.fr\/wp-content\/uploads\/2020\/09\/IMG_0258-100x100.jpg 100w\" sizes=\"(max-width: 2044px) 100vw, 2044px\" \/>                                            <\/div>\n            <\/div>\n                                <div class=\"edgtf-ig-image edgtf-item-space \">\n                <div class=\"edgtf-ig-image-inner\">\n                                                <img width=\"600\" height=\"600\" src=\"https:\/\/souslechapeau.fr\/wp-content\/uploads\/2020\/09\/SOUSLECHAPEAU_COMMUNICATION_C1.jpg\" class=\"attachment-full size-full\" alt=\"\" loading=\"lazy\" srcset=\"https:\/\/souslechapeau.fr\/wp-content\/uploads\/2020\/09\/SOUSLECHAPEAU_COMMUNICATION_C1.jpg 600w, https:\/\/souslechapeau.fr\/wp-content\/uploads\/2020\/09\/SOUSLECHAPEAU_COMMUNICATION_C1-300x300.jpg 300w, https:\/\/souslechapeau.fr\/wp-content\/uploads\/2020\/09\/SOUSLECHAPEAU_COMMUNICATION_C1-150x150.jpg 150w, https:\/\/souslechapeau.fr\/wp-content\/uploads\/2020\/09\/SOUSLECHAPEAU_COMMUNICATION_C1-550x550.jpg 550w, https:\/\/souslechapeau.fr\/wp-content\/uploads\/2020\/09\/SOUSLECHAPEAU_COMMUNICATION_C1-100x100.jpg 100w\" sizes=\"(max-width: 600px) 100vw, 600px\" \/>                                            <\/div>\n            <\/div>\n                                <div class=\"edgtf-ig-image edgtf-item-space \">\n                <div class=\"edgtf-ig-image-inner\">\n                                                <img width=\"600\" height=\"600\" src=\"https:\/\/souslechapeau.fr\/wp-content\/uploads\/2020\/09\/SOUSLECHAPEAU_COMMUNICATION_C3.jpg\" class=\"attachment-full size-full\" alt=\"\" loading=\"lazy\" srcset=\"https:\/\/souslechapeau.fr\/wp-content\/uploads\/2020\/09\/SOUSLECHAPEAU_COMMUNICATION_C3.jpg 600w, https:\/\/souslechapeau.fr\/wp-content\/uploads\/2020\/09\/SOUSLECHAPEAU_COMMUNICATION_C3-300x300.jpg 300w, https:\/\/souslechapeau.fr\/wp-content\/uploads\/2020\/09\/SOUSLECHAPEAU_COMMUNICATION_C3-150x150.jpg 150w, https:\/\/souslechapeau.fr\/wp-content\/uploads\/2020\/09\/SOUSLECHAPEAU_COMMUNICATION_C3-550x550.jpg 550w, https:\/\/souslechapeau.fr\/wp-content\/uploads\/2020\/09\/SOUSLECHAPEAU_COMMUNICATION_C3-100x100.jpg 100w\" sizes=\"(max-width: 600px) 100vw, 600px\" \/>                                            <\/div>\n            <\/div>\n                                <div class=\"edgtf-ig-image edgtf-item-space \">\n                <div class=\"edgtf-ig-image-inner\">\n                                                <img width=\"600\" height=\"600\" src=\"https:\/\/souslechapeau.fr\/wp-content\/uploads\/2020\/09\/SOUSLECHAPEAU_COMMUNICATION_C21.jpg\" class=\"attachment-full size-full\" alt=\"sous le chapeau communication mulhouse coulisses\" loading=\"lazy\" srcset=\"https:\/\/souslechapeau.fr\/wp-content\/uploads\/2020\/09\/SOUSLECHAPEAU_COMMUNICATION_C21.jpg 600w, https:\/\/souslechapeau.fr\/wp-content\/uploads\/2020\/09\/SOUSLECHAPEAU_COMMUNICATION_C21-300x300.jpg 300w, https:\/\/souslechapeau.fr\/wp-content\/uploads\/2020\/09\/SOUSLECHAPEAU_COMMUNICATION_C21-150x150.jpg 150w, https:\/\/souslechapeau.fr\/wp-content\/uploads\/2020\/09\/SOUSLECHAPEAU_COMMUNICATION_C21-550x550.jpg 550w, https:\/\/souslechapeau.fr\/wp-content\/uploads\/2020\/09\/SOUSLECHAPEAU_COMMUNICATION_C21-100x100.jpg 100w\" sizes=\"(max-width: 600px) 100vw, 600px\" \/>                                            <\/div>\n            <\/div>\n                                <div class=\"edgtf-ig-image edgtf-item-space \">\n                <div class=\"edgtf-ig-image-inner\">\n                                                <img width=\"600\" height=\"600\" src=\"https:\/\/souslechapeau.fr\/wp-content\/uploads\/2020\/09\/SOUSLECHAPEAU_COMMUNICATION_C4.jpg\" class=\"attachment-full size-full\" alt=\"\" loading=\"lazy\" srcset=\"https:\/\/souslechapeau.fr\/wp-content\/uploads\/2020\/09\/SOUSLECHAPEAU_COMMUNICATION_C4.jpg 600w, https:\/\/souslechapeau.fr\/wp-content\/uploads\/2020\/09\/SOUSLECHAPEAU_COMMUNICATION_C4-300x300.jpg 300w, https:\/\/souslechapeau.fr\/wp-content\/uploads\/2020\/09\/SOUSLECHAPEAU_COMMUNICATION_C4-150x150.jpg 150w, https:\/\/souslechapeau.fr\/wp-content\/uploads\/2020\/09\/SOUSLECHAPEAU_COMMUNICATION_C4-550x550.jpg 550w, https:\/\/souslechapeau.fr\/wp-content\/uploads\/2020\/09\/SOUSLECHAPEAU_COMMUNICATION_C4-100x100.jpg 100w\" sizes=\"(max-width: 600px) 100vw, 600px\" \/>                                            <\/div>\n            <\/div>\n                                <div class=\"edgtf-ig-image edgtf-item-space \">\n                <div class=\"edgtf-ig-image-inner\">\n                                                <img width=\"600\" height=\"600\" src=\"https:\/\/souslechapeau.fr\/wp-content\/uploads\/2020\/09\/SOUSLECHAPEAU_COMMUNICATION_C5.jpg\" class=\"attachment-full size-full\" alt=\"\" loading=\"lazy\" srcset=\"https:\/\/souslechapeau.fr\/wp-content\/uploads\/2020\/09\/SOUSLECHAPEAU_COMMUNICATION_C5.jpg 600w, https:\/\/souslechapeau.fr\/wp-content\/uploads\/2020\/09\/SOUSLECHAPEAU_COMMUNICATION_C5-300x300.jpg 300w, https:\/\/souslechapeau.fr\/wp-content\/uploads\/2020\/09\/SOUSLECHAPEAU_COMMUNICATION_C5-150x150.jpg 150w, https:\/\/souslechapeau.fr\/wp-content\/uploads\/2020\/09\/SOUSLECHAPEAU_COMMUNICATION_C5-550x550.jpg 550w, https:\/\/souslechapeau.fr\/wp-content\/uploads\/2020\/09\/SOUSLECHAPEAU_COMMUNICATION_C5-100x100.jpg 100w\" sizes=\"(max-width: 600px) 100vw, 600px\" \/>                                            <\/div>\n            <\/div>\n                                <div class=\"edgtf-ig-image edgtf-item-space \">\n                <div class=\"edgtf-ig-image-inner\">\n                                                <img width=\"600\" height=\"600\" src=\"https:\/\/souslechapeau.fr\/wp-content\/uploads\/2020\/09\/SOUSLECHAPEAU_COMMUNICATION_C8.jpg\" class=\"attachment-full size-full\" alt=\"\" loading=\"lazy\" srcset=\"https:\/\/souslechapeau.fr\/wp-content\/uploads\/2020\/09\/SOUSLECHAPEAU_COMMUNICATION_C8.jpg 600w, https:\/\/souslechapeau.fr\/wp-content\/uploads\/2020\/09\/SOUSLECHAPEAU_COMMUNICATION_C8-300x300.jpg 300w, https:\/\/souslechapeau.fr\/wp-content\/uploads\/2020\/09\/SOUSLECHAPEAU_COMMUNICATION_C8-150x150.jpg 150w, https:\/\/souslechapeau.fr\/wp-content\/uploads\/2020\/09\/SOUSLECHAPEAU_COMMUNICATION_C8-550x550.jpg 550w, https:\/\/souslechapeau.fr\/wp-content\/uploads\/2020\/09\/SOUSLECHAPEAU_COMMUNICATION_C8-100x100.jpg 100w\" sizes=\"(max-width: 600px) 100vw, 600px\" \/>                                            <\/div>\n            <\/div>\n                                <div class=\"edgtf-ig-image edgtf-item-space \">\n                <div class=\"edgtf-ig-image-inner\">\n                                                <img width=\"600\" height=\"600\" src=\"https:\/\/souslechapeau.fr\/wp-content\/uploads\/2020\/09\/SOUSLECHAPEAU_COMMUNICATION_C11.jpg\" class=\"attachment-full size-full\" alt=\"\" loading=\"lazy\" srcset=\"https:\/\/souslechapeau.fr\/wp-content\/uploads\/2020\/09\/SOUSLECHAPEAU_COMMUNICATION_C11.jpg 600w, https:\/\/souslechapeau.fr\/wp-content\/uploads\/2020\/09\/SOUSLECHAPEAU_COMMUNICATION_C11-300x300.jpg 300w, https:\/\/souslechapeau.fr\/wp-content\/uploads\/2020\/09\/SOUSLECHAPEAU_COMMUNICATION_C11-150x150.jpg 150w, https:\/\/souslechapeau.fr\/wp-content\/uploads\/2020\/09\/SOUSLECHAPEAU_COMMUNICATION_C11-550x550.jpg 550w, https:\/\/souslechapeau.fr\/wp-content\/uploads\/2020\/09\/SOUSLECHAPEAU_COMMUNICATION_C11-100x100.jpg 100w\" sizes=\"(max-width: 600px) 100vw, 600px\" \/>                                            <\/div>\n            <\/div>\n                                <div class=\"edgtf-ig-image edgtf-item-space \">\n                <div class=\"edgtf-ig-image-inner\">\n                                                <img width=\"600\" height=\"600\" src=\"https:\/\/souslechapeau.fr\/wp-content\/uploads\/2020\/09\/SOUSLECHAPEAU_COMMUNICATION_C20.jpg\" class=\"attachment-full size-full\" alt=\"\" loading=\"lazy\" srcset=\"https:\/\/souslechapeau.fr\/wp-content\/uploads\/2020\/09\/SOUSLECHAPEAU_COMMUNICATION_C20.jpg 600w, https:\/\/souslechapeau.fr\/wp-content\/uploads\/2020\/09\/SOUSLECHAPEAU_COMMUNICATION_C20-300x300.jpg 300w, https:\/\/souslechapeau.fr\/wp-content\/uploads\/2020\/09\/SOUSLECHAPEAU_COMMUNICATION_C20-150x150.jpg 150w, https:\/\/souslechapeau.fr\/wp-content\/uploads\/2020\/09\/SOUSLECHAPEAU_COMMUNICATION_C20-550x550.jpg 550w, https:\/\/souslechapeau.fr\/wp-content\/uploads\/2020\/09\/SOUSLECHAPEAU_COMMUNICATION_C20-100x100.jpg 100w\" sizes=\"(max-width: 600px) 100vw, 600px\" \/>                                            <\/div>\n            <\/div>\n                                <div class=\"edgtf-ig-image edgtf-item-space \">\n                <div class=\"edgtf-ig-image-inner\">\n                                                <img width=\"600\" height=\"600\" src=\"https:\/\/souslechapeau.fr\/wp-content\/uploads\/2020\/09\/SOUSLECHAPEAU_COMMUNICATION_C12.jpg\" class=\"attachment-full size-full\" alt=\"\" loading=\"lazy\" srcset=\"https:\/\/souslechapeau.fr\/wp-content\/uploads\/2020\/09\/SOUSLECHAPEAU_COMMUNICATION_C12.jpg 600w, https:\/\/souslechapeau.fr\/wp-content\/uploads\/2020\/09\/SOUSLECHAPEAU_COMMUNICATION_C12-300x300.jpg 300w, https:\/\/souslechapeau.fr\/wp-content\/uploads\/2020\/09\/SOUSLECHAPEAU_COMMUNICATION_C12-150x150.jpg 150w, https:\/\/souslechapeau.fr\/wp-content\/uploads\/2020\/09\/SOUSLECHAPEAU_COMMUNICATION_C12-550x550.jpg 550w, https:\/\/souslechapeau.fr\/wp-content\/uploads\/2020\/09\/SOUSLECHAPEAU_COMMUNICATION_C12-100x100.jpg 100w\" sizes=\"(max-width: 600px) 100vw, 600px\" \/>                                            <\/div>\n            <\/div>\n                                <div class=\"edgtf-ig-image edgtf-item-space \">\n                <div class=\"edgtf-ig-image-inner\">\n                                                <img width=\"600\" height=\"600\" src=\"https:\/\/souslechapeau.fr\/wp-content\/uploads\/2020\/09\/SOUSLECHAPEAU_COMMUNICATION_C16.jpg\" class=\"attachment-full size-full\" alt=\"\" loading=\"lazy\" srcset=\"https:\/\/souslechapeau.fr\/wp-content\/uploads\/2020\/09\/SOUSLECHAPEAU_COMMUNICATION_C16.jpg 600w, https:\/\/souslechapeau.fr\/wp-content\/uploads\/2020\/09\/SOUSLECHAPEAU_COMMUNICATION_C16-300x300.jpg 300w, https:\/\/souslechapeau.fr\/wp-content\/uploads\/2020\/09\/SOUSLECHAPEAU_COMMUNICATION_C16-150x150.jpg 150w, https:\/\/souslechapeau.fr\/wp-content\/uploads\/2020\/09\/SOUSLECHAPEAU_COMMUNICATION_C16-550x550.jpg 550w, https:\/\/souslechapeau.fr\/wp-content\/uploads\/2020\/09\/SOUSLECHAPEAU_COMMUNICATION_C16-100x100.jpg 100w\" sizes=\"(max-width: 600px) 100vw, 600px\" \/>                                            <\/div>\n            <\/div>\n            <\/div>\n<\/div>[\/vc_column][\/vc_row]<\/p>\n","protected":false},"excerpt":{"rendered":"<p>[vc_row row_content_width=\u00a0\u00bbgrid\u00a0\u00bb css=\u00a0\u00bb.vc_custom_1527148185770{padding-top: 59px !important;padding-bottom: 135px !important;}\u00a0\u00bb][vc_column][\/vc_column][\/vc_row][vc_row row_content_width=\u00a0\u00bbgrid\u00a0\u00bb][vc_column][vc_empty_space height=\u00a0\u00bb24px\u00a0\u00bb][vc_row_inner][vc_column_inner][vc_column_text]L\u2019\u00e9quipe[\/vc_column_text][vc_empty_space height=\u00a0\u00bb8px\u00a0\u00bb][vc_column_text] 1 2 3 . . . 13 14 15 et plus&#8230; Experts compl\u00e9mentaires, pour multiplier les talents et harmoniser les comp\u00e9tences. En fonction des projets confi\u00e9s Sous le chapeau structure [&hellip;]<\/p>\n","protected":false},"author":1,"featured_media":0,"parent":0,"menu_order":0,"comment_status":"closed","ping_status":"closed","template":"full-width.php","meta":[],"_links":{"self":[{"href":"https:\/\/souslechapeau.fr\/index.php\/wp-json\/wp\/v2\/pages\/80"}],"collection":[{"href":"https:\/\/souslechapeau.fr\/index.php\/wp-json\/wp\/v2\/pages"}],"about":[{"href":"https:\/\/souslechapeau.fr\/index.php\/wp-json\/wp\/v2\/types\/page"}],"author":[{"embeddable":true,"href":"https:\/\/souslechapeau.fr\/index.php\/wp-json\/wp\/v2\/users\/1"}],"replies":[{"embeddable":true,"href":"https:\/\/souslechapeau.fr\/index.php\/wp-json\/wp\/v2\/comments?post=80"}],"version-history":[{"count":49,"href":"https:\/\/souslechapeau.fr\/index.php\/wp-json\/wp\/v2\/pages\/80\/revisions"}],"predecessor-version":[{"id":3930,"href":"https:\/\/souslechapeau.fr\/index.php\/wp-json\/wp\/v2\/pages\/80\/revisions\/3930"}],"wp:attachment":[{"href":"https:\/\/souslechapeau.fr\/index.php\/wp-json\/wp\/v2\/media?parent=80"}],"curies":[{"name":"wp","href":"https:\/\/api.w.org\/{rel}","templated":true}]}}