{"id":1847,"date":"2018-05-21T14:04:31","date_gmt":"2018-05-21T14:04:31","guid":{"rendered":"http:\/\/ottar.edge-themes.com\/?page_id=1847"},"modified":"2020-09-08T16:56:57","modified_gmt":"2020-09-08T16:56:57","slug":"split-slider-showcase","status":"publish","type":"page","link":"https:\/\/souslechapeau.fr\/","title":{"rendered":"Split Slider Showcase"},"content":{"rendered":"<p>[vc_row full_height=\u00a0\u00bbyes\u00a0\u00bb][vc_column]<div class=\"edgtf-vertical-split-slider \"><div class=\"edgtf-vss-ms-left\"><div class=\"edgtf-vss-ms-section\"  style=\"text-align: left\">\n    <div class=\"edgtf-elements-holder   edgtf-one-column  edgtf-responsive-mode-768 \" ><div class=\"edgtf-eh-item   edgtf-horizontal-alignment-center \"  data-item-class=\"edgtf-eh-custom-5935\" data-1367-1600=\"0px 21% 0 21%\" data-1025-1366=\"10px 21% 0px 21%\" data-769-1024=\"26.5% 28% 0px 28%\" data-681-768=\"53.5% 25% 0px 25%\" data-680=\"62% 7% 0px 7%\">\n    <div class=\"edgtf-eh-item-inner\">\n        <div class=\"edgtf-eh-item-content edgtf-eh-custom-5935\" style=\"padding: 10px 28% 0px 28%\">\n            [vc_column_text]<\/p>\n<h2 style=\"text-align: center;\">Esprit cr\u00e9atif<\/h2>\n<p>[\/vc_column_text][vc_empty_space height=\u00a0\u00bb5px\u00a0\u00bb][vc_column_text]<\/p>\n<p style=\"text-align: center;\">Derri\u00e8re chaque maquette se trouve le pouvoir cr\u00e9atif. Des images aux projets de communication, notre portfolio contient un large \u00e9chantillon de r\u00e9alisations. Jetez-y un coup d&rsquo;\u0153il !<\/p>\n<p>[\/vc_column_text][vc_empty_space height=\u00a0\u00bb30px\u00a0\u00bb]<a itemprop=\"url\" href=\"https:\/\/souslechapeau.fr\/index.php\/metro-portfolio\/\" target=\"_self\"  class=\"edgtf-btn edgtf-btn-medium edgtf-btn-indicator\"  >\n            <span class=\"edgtf-btn-arrow\"><\/span>\n        <span class=\"edgtf-btn-arrow\"><\/span>\n    <\/a>        <\/div>\n    <\/div>\n<\/div><\/div><\/div><div class=\"edgtf-vss-ms-section\"  style=\"text-align: left\">\n    <div class=\"edgtf-elements-holder   edgtf-two-columns  edgtf-responsive-mode-768 \" ><div class=\"edgtf-eh-item   edgtf-horizontal-alignment-center \"  data-item-class=\"edgtf-eh-custom-2919\" data-1367-1600=\"7px 21% 0 21%\" data-1025-1366=\"9px 21% 0px 21%\" data-769-1024=\"32% 28% 0px 28%\" data-681-768=\"53.5% 25% 0px 25%\" data-680=\"62% 7% 0px 7%\">\n    <div class=\"edgtf-eh-item-inner\">\n        <div class=\"edgtf-eh-item-content edgtf-eh-custom-2919\" style=\"padding: 10px 28% 0px 28%\">\n            [vc_column_text]<\/p>\n<h2 style=\"text-align: center;\">Sur notre mur ?<\/h2>\n<p>[\/vc_column_text][vc_empty_space height=\u00a0\u00bb5px\u00a0\u00bb][vc_column_text]<\/p>\n<p style=\"text-align: center;\">Instagram, pic et pic et col\u00e9gram&#8230; pas de ratatam mais des billets, des oeuvres, des inspirations&#8230; Nous postons au gr\u00e9 de l&rsquo;actu, des d\u00e9couvertes, des projets et de nos humeurs. Followez-nous !<\/p>\n<p>[\/vc_column_text][vc_empty_space height=\u00a0\u00bb30px\u00a0\u00bb]<a itemprop=\"url\" href=\"https:\/\/www.instagram.com\/souslechapeau\/\" target=\"_blank\"  class=\"edgtf-btn edgtf-btn-medium edgtf-btn-indicator\"  >\n            <span class=\"edgtf-btn-arrow\"><\/span>\n        <span class=\"edgtf-btn-arrow\"><\/span>\n    <\/a>        <\/div>\n    <\/div>\n<\/div><\/div><\/div><div class=\"edgtf-vss-ms-section\"  style=\"text-align: left\">\n    <div class=\"edgtf-elements-holder   edgtf-one-column  edgtf-responsive-mode-768 \" ><div class=\"edgtf-eh-item   edgtf-horizontal-alignment-center \"  data-item-class=\"edgtf-eh-custom-6569\" data-1367-1600=\"0px 21% 0 21%\" data-1025-1366=\"10px 21% 0px 21%\" data-769-1024=\"26.5% 28% 0px 28%\" data-681-768=\"53.5% 25% 0px 25%\" data-680=\"62% 7% 0px 7%\">\n    <div class=\"edgtf-eh-item-inner\">\n        <div class=\"edgtf-eh-item-content edgtf-eh-custom-6569\" style=\"padding: 10px 28% 0px 28%\">\n            [vc_column_text]<\/p>\n<h2 style=\"text-align: center;\">Plus haut !<\/h2>\n<p>[\/vc_column_text][vc_empty_space height=\u00a0\u00bb5px\u00a0\u00bb][vc_column_text]<\/p>\n<p style=\"text-align: center;\">Cr\u00e9atifs, enthousiastes et ouverts \u00e0 360\u00b0, nous sommes une agence de communication pr\u00eate \u00e0 propulser votre business. Faisons connaissance.<\/p>\n<p>[\/vc_column_text][vc_empty_space height=\u00a0\u00bb30px\u00a0\u00bb]<a itemprop=\"url\" href=\"https:\/\/souslechapeau.fr\/index.php\/mieux-nous-connaitre\/\" target=\"_self\"  class=\"edgtf-btn edgtf-btn-medium edgtf-btn-indicator\"  >\n            <span class=\"edgtf-btn-arrow\"><\/span>\n        <span class=\"edgtf-btn-arrow\"><\/span>\n    <\/a>        <\/div>\n    <\/div>\n<\/div><\/div><\/div><div class=\"edgtf-vss-ms-section\"  style=\"text-align: left\">\n    <div class=\"edgtf-elements-holder   edgtf-one-column  edgtf-responsive-mode-768 \" ><div class=\"edgtf-eh-item   edgtf-horizontal-alignment-center \"  data-item-class=\"edgtf-eh-custom-9678\" data-1367-1600=\"0px 21% 0 21%\" data-1025-1366=\"10px 21% 0px 21%\" data-769-1024=\"26.5% 28% 0px 28%\" data-681-768=\"53.5% 25% 0px 25%\" data-680=\"62% 7% 0px 7%\">\n    <div class=\"edgtf-eh-item-inner\">\n        <div class=\"edgtf-eh-item-content edgtf-eh-custom-9678\" style=\"padding: 10px 28% 0px 28%\">\n            [vc_column_text]<\/p>\n<h2 style=\"text-align: center;\">Du sur-mesure ?<\/h2>\n<p>[\/vc_column_text][vc_empty_space height=\u00a0\u00bb5px\u00a0\u00bb][vc_column_text]<\/p>\n<p style=\"text-align: center;\">Vous souhaitez \u00eatre unique ? Nos id\u00e9es ne sortent pas d\u2019un pot, nous concevons avec vous et pour vous des solutions sur mesure.<\/p>\n<p>\u00a0[\/vc_column_text][vc_empty_space height=\u00a0\u00bb30px\u00a0\u00bb]<a itemprop=\"url\" href=\"https:\/\/souslechapeau.fr\/index.php\/services\/\" target=\"_self\"  class=\"edgtf-btn edgtf-btn-medium edgtf-btn-indicator\"  >\n            <span class=\"edgtf-btn-arrow\"><\/span>\n        <span class=\"edgtf-btn-arrow\"><\/span>\n    <\/a>        <\/div>\n    <\/div>\n<\/div><\/div><\/div><div class=\"edgtf-vss-ms-section\"  style=\"text-align: left\">\n    <div class=\"edgtf-elements-holder   edgtf-one-column  edgtf-responsive-mode-768 \" ><div class=\"edgtf-eh-item   edgtf-horizontal-alignment-center \"  data-item-class=\"edgtf-eh-custom-7831\" data-1367-1600=\"0px 21% 0 21%\" data-1025-1366=\"10px 21% 0px 21%\" data-769-1024=\"26.5% 28% 0px 28%\" data-681-768=\"53.5% 25% 0px 25%\" data-680=\"62% 7% 0px 7%\">\n    <div class=\"edgtf-eh-item-inner\">\n        <div class=\"edgtf-eh-item-content edgtf-eh-custom-7831\" style=\"padding: 10px 28% 0px 28%\">\n            [vc_column_text]<\/p>\n<h2 style=\"text-align: center;\">Tout commence sur un \u00ab\u00a0bonjour!\u00a0\u00bb<\/h2>\n<p>[\/vc_column_text][vc_empty_space height=\u00a0\u00bb5px\u00a0\u00bb][vc_column_text]<\/p>\n<p style=\"text-align: center;\">Le plus dur est de nous \u00e9crire, ensuite c&rsquo;est facile, nous organisons le rendez-vous, le caf\u00e9 et parfois les croissants ! <span style=\"font-family: 'Helvetica Neue'; color: black; font-weight: normal;\">Allez-y cliquez.<\/span><\/p>\n<p>[\/vc_column_text][vc_empty_space height=\u00a0\u00bb30px\u00a0\u00bb]<a itemprop=\"url\" href=\"https:\/\/souslechapeau.fr\/index.php\/laissez-nous-un-message\/\" target=\"_self\"  class=\"edgtf-btn edgtf-btn-medium edgtf-btn-indicator\"  >\n            <span class=\"edgtf-btn-arrow\"><\/span>\n        <span class=\"edgtf-btn-arrow\"><\/span>\n    <\/a>        <\/div>\n    <\/div>\n<\/div><\/div><\/div><\/div><div class=\"edgtf-vss-ms-right\"><div class=\"edgtf-vss-ms-section\"  style=\"background-image: url(https:\/\/souslechapeau.fr\/wp-content\/uploads\/2020\/09\/SOUSLECHAPEAU_COMMUNICATION_BUREAU0.jpg);padding: 0px 0px 0px 0px;text-align: left\">\n    <\/div><div class=\"edgtf-vss-ms-section\"  style=\"background-image: url(https:\/\/souslechapeau.fr\/wp-content\/uploads\/2020\/09\/SOUSLECHAPEAU_HOME_TATTOO.jpg);padding: 0px 0px 0px 0px;text-align: left\">\n    <\/div><div class=\"edgtf-vss-ms-section\"  style=\"background-image: url(https:\/\/souslechapeau.fr\/wp-content\/uploads\/2020\/09\/SOUSLECHAPEAU_DESIGN.jpg);padding: 0px 0px 0px 0px;text-align: left\">\n    <\/div><div class=\"edgtf-vss-ms-section\"  style=\"background-image: url(https:\/\/souslechapeau.fr\/wp-content\/uploads\/2018\/05\/shop-img-11-2.jpg);padding: 0px 0px 0px 0px;text-align: left\">\n    <\/div><div class=\"edgtf-vss-ms-section\"  style=\"background-image: url(https:\/\/souslechapeau.fr\/wp-content\/uploads\/2020\/09\/SOUSLECHAPEAU_HOME_CONFETTIS.jpg);padding: 0px 0px 0px 0px;text-align: center\">\n    <\/div><\/div><div class=\"edgtf-vss-horizontal-mask\"><\/div><div class=\"edgtf-vss-vertical-mask\"><\/div><\/div>[\/vc_column][\/vc_row]<\/p>\n","protected":false},"excerpt":{"rendered":"<p>[vc_row full_height=\u00a0\u00bbyes\u00a0\u00bb][vc_column][\/vc_column][\/vc_row]<\/p>\n","protected":false},"author":1,"featured_media":0,"parent":0,"menu_order":0,"comment_status":"closed","ping_status":"closed","template":"full-width.php","meta":[],"_links":{"self":[{"href":"https:\/\/souslechapeau.fr\/index.php\/wp-json\/wp\/v2\/pages\/1847"}],"collection":[{"href":"https:\/\/souslechapeau.fr\/index.php\/wp-json\/wp\/v2\/pages"}],"about":[{"href":"https:\/\/souslechapeau.fr\/index.php\/wp-json\/wp\/v2\/types\/page"}],"author":[{"embeddable":true,"href":"https:\/\/souslechapeau.fr\/index.php\/wp-json\/wp\/v2\/users\/1"}],"replies":[{"embeddable":true,"href":"https:\/\/souslechapeau.fr\/index.php\/wp-json\/wp\/v2\/comments?post=1847"}],"version-history":[{"count":47,"href":"https:\/\/souslechapeau.fr\/index.php\/wp-json\/wp\/v2\/pages\/1847\/revisions"}],"predecessor-version":[{"id":3959,"href":"https:\/\/souslechapeau.fr\/index.php\/wp-json\/wp\/v2\/pages\/1847\/revisions\/3959"}],"wp:attachment":[{"href":"https:\/\/souslechapeau.fr\/index.php\/wp-json\/wp\/v2\/media?parent=1847"}],"curies":[{"name":"wp","href":"https:\/\/api.w.org\/{rel}","templated":true}]}}