{"id":1239,"date":"2018-05-17T07:37:27","date_gmt":"2018-05-17T07:37:27","guid":{"rendered":"http:\/\/ottar.edge-themes.com\/?page_id=1239"},"modified":"2020-09-07T16:56:05","modified_gmt":"2020-09-07T16:56:05","slug":"services","status":"publish","type":"page","link":"https:\/\/souslechapeau.fr\/index.php\/services\/","title":{"rendered":"Services"},"content":{"rendered":"<p>[vc_row][vc_column][vc_row_inner row_content_width=\u00a0\u00bbgrid\u00a0\u00bb][vc_column_inner][vc_column_text]<\/p>\n<h2>Donnons du style \u00e0 tout ce que vous faites ! C&rsquo;est bon pour l\u2019image de marque, c\u2019est excellent pour le chiffre d\u2019affaires.<\/h2>\n<h5>Nous apportons une expertise globale et une r\u00e9ponse personnalis\u00e9e \u00e0 des marques soucieuses d\u2019anticiper l\u2019avenir, de se distinguer ou d\u2019ajuster leur positionnement.<\/h5>\n<p>[\/vc_column_text][vc_empty_space height=\u00a0\u00bb16&Prime;][\/vc_column_inner][\/vc_row_inner][vc_empty_space height=\u00a0\u00bb32&Prime;][\/vc_column][\/vc_row][vc_row][vc_column][vc_row_inner content_placement=\u00a0\u00bbtop\u00a0\u00bb row_content_width=\u00a0\u00bbgrid\u00a0\u00bb][vc_column_inner][\/vc_column_inner][\/vc_row_inner][vc_empty_space height=\u00a0\u00bb74&Prime;][\/vc_column][\/vc_row][vc_row row_content_width=\u00a0\u00bbgrid\u00a0\u00bb][vc_column offset=\u00a0\u00bbvc_col-lg-6 vc_col-md-12&Prime;]<div class=\"edgtf-elements-holder   edgtf-one-column  edgtf-responsive-mode-768 \" ><div class=\"edgtf-eh-item    \"  data-item-class=\"edgtf-eh-custom-9569\" data-681-768=\"0px 0px 0px 0px\" data-680=\"0px 0px 0px 0px\">\n    <div class=\"edgtf-eh-item-inner\">\n        <div class=\"edgtf-eh-item-content edgtf-eh-custom-9569\" style=\"padding: 0px 20px 0px 0px\">\n            <div class=\"edgtf-accordion-holder edgtf-ac-default  edgtf-accordion clearfix\">\n    <h5 class=\"edgtf-accordion-title\">\n<span class=\"edgtf-accordion-mark\">\n\t\t<span class=\"edgtf_icon_plus icon_plus\"><\/span>\n\t\t<span class=\"edgtf_icon_minus icon_minus-06\"><\/span>\n\t<\/span>\n<span class=\"edgtf-tab-title\">Image de marque<\/span>\n<\/h5>\n<div class=\"edgtf-accordion-content\">\n    <div class=\"edgtf-accordion-content-inner\">\n        [vc_column_text]<\/p>\n<div class=\"edgtf-accordion-content ui-accordion-content ui-helper-reset ui-widget-content ui-corner-bottom ui-accordion-content-active\">\n<div class=\"edgtf-accordion-content-inner\">\n<div class=\"wpb_text_column wpb_content_element \">\n<div class=\"wpb_wrapper\">\n<p>FONDAMENTAUX DE LA MARQUE | PLATEFORME DE MARQUE | GUIDE DE MARQUE<\/p>\n<p>&nbsp;<\/p>\n<p>Une marque est l\u2019ensemble des paroles et des actes qui s\u2019installent dans l\u2019esprit des publics vis\u00e9s.<\/p>\n<p>Nous travaillons sur la diff\u00e9rence et la pertinence d\u2019un contenu ou d\u2019une image capables de susciter une pr\u00e9f\u00e9rence.<\/p>\n<\/div>\n<\/div>\n<\/div>\n<\/div>\n<p>[\/vc_column_text]    <\/div>\n<\/div><h5 class=\"edgtf-accordion-title\">\n<span class=\"edgtf-accordion-mark\">\n\t\t<span class=\"edgtf_icon_plus icon_plus\"><\/span>\n\t\t<span class=\"edgtf_icon_minus icon_minus-06\"><\/span>\n\t<\/span>\n<span class=\"edgtf-tab-title\">Iconographie, photos<\/span>\n<\/h5>\n<div class=\"edgtf-accordion-content\">\n    <div class=\"edgtf-accordion-content-inner\">\n        [vc_column_text]<\/p>\n<div class=\"edgtf-accordion-content ui-accordion-content ui-helper-reset ui-widget-content ui-corner-bottom ui-accordion-content-active\">\n<div class=\"edgtf-accordion-content-inner\">\n<div class=\"wpb_text_column wpb_content_element \">\n<div class=\"wpb_wrapper\">\n<p>IMAGES | PHOTOGRAPHIE | STYLISME<\/p>\n<p>&nbsp;<\/p>\n<p>Dans un monde satur\u00e9 d\u2019images, il est indispensable de se distinguer.<\/p>\n<p>Plus qu\u2019une simple photo, nous imaginons une image qui implique un parti-pris graphique et qui respecte un positionnement choisi.<\/p>\n<p>&nbsp;<\/p>\n<\/div>\n<\/div>\n<div class=\"wpb_text_column wpb_content_element \">\n<p><span style=\"color: #999999;\"><em>Packshot et images d\u2019exception<\/em><\/span><\/p>\n<p><span style=\"color: #999999;\">Pour allier efficacit\u00e9 publicitaire et rentabilit\u00e9, il est essentiel de trouver le bon dosage entre des visuels forts, tr\u00e8s travaill\u00e9s, et des photos plus \u00e9conomiques r\u00e9alisables \u00e0 grande \u00e9chelle. Sous le Chapeau vous accompagne dans tous vos projets (image de marque, flyers, catalogues, boutiques en ligne \u2026) en d\u00e9finissant pour chacun d\u2019eux une m\u00e9thodologie de travail efficace et performante \u00e0 laquelle vos partenaires habituels ou vos services internes peuvent \u00eatre associ\u00e9s.<\/span><\/p>\n<\/div>\n<\/div>\n<\/div>\n<p>[\/vc_column_text]    <\/div>\n<\/div><h5 class=\"edgtf-accordion-title\">\n<span class=\"edgtf-accordion-mark\">\n\t\t<span class=\"edgtf_icon_plus icon_plus\"><\/span>\n\t\t<span class=\"edgtf_icon_minus icon_minus-06\"><\/span>\n\t<\/span>\n<span class=\"edgtf-tab-title\">Sc\u00e9nographies, \u00e9v\u00e9nements<\/span>\n<\/h5>\n<div class=\"edgtf-accordion-content\">\n    <div class=\"edgtf-accordion-content-inner\">\n        [vc_column_text]<\/p>\n<div class=\"edgtf-accordion-content ui-accordion-content ui-helper-reset ui-widget-content ui-corner-bottom ui-accordion-content-active\">\n<div class=\"edgtf-accordion-content-inner\">\n<div class=\"wpb_text_column wpb_content_element \">\n<div class=\"wpb_wrapper\">\n<p>PR\u00c9SENTATION PRESSE | EXPOSITION | STAND | INAUGURATION | SHOWROOM | CONVENTION-CONGR\u00c8S<\/p>\n<p>&nbsp;<\/p>\n<p><strong>Les sc\u00e9nographies \u00e9v\u00e9nementielles<\/strong> sont la bo\u00eete outils ordinaire dans le monde de la mode ou de la d\u00e9coration.<br \/>\nNous transposons ces recettes dans l\u2019industrie, l\u2019agroalimentaire, le commerce, les services\u2026 avec pour seul objectif : <strong>cr\u00e9er l\u2019\u00e9v\u00e9nement.<\/strong><\/p>\n<\/div>\n<\/div>\n<\/div>\n<\/div>\n<p>[\/vc_column_text]    <\/div>\n<\/div><\/div>[vc_empty_space height=\u00a0\u00bb110px\u00a0\u00bb]        <\/div>\n    <\/div>\n<\/div><\/div>[\/vc_column][vc_column offset=\u00a0\u00bbvc_col-lg-6 vc_col-md-12&Prime;]<div class=\"edgtf-elements-holder   edgtf-one-column  edgtf-responsive-mode-768 \" ><div class=\"edgtf-eh-item    \"  data-item-class=\"edgtf-eh-custom-2424\" data-769-1024=\"0px 0px 0px 0px\" data-681-768=\"0px 0px 0px 0px\" data-680=\"0px 0px 0px 0px\">\n    <div class=\"edgtf-eh-item-inner\">\n        <div class=\"edgtf-eh-item-content edgtf-eh-custom-2424\" style=\"padding: 0px 0px 0px 20px\">\n            <div class=\"edgtf-accordion-holder edgtf-ac-default  edgtf-accordion clearfix\">\n    <h5 class=\"edgtf-accordion-title\">\n<span class=\"edgtf-accordion-mark\">\n\t\t<span class=\"edgtf_icon_plus icon_plus\"><\/span>\n\t\t<span class=\"edgtf_icon_minus icon_minus-06\"><\/span>\n\t<\/span>\n<span class=\"edgtf-tab-title\">Identit\u00e9 visuelle<\/span>\n<\/h5>\n<div class=\"edgtf-accordion-content\">\n    <div class=\"edgtf-accordion-content-inner\">\n        [vc_column_text]<\/p>\n<div class=\"edgtf-accordion-content ui-accordion-content ui-helper-reset ui-widget-content ui-corner-bottom ui-accordion-content-active\">\n<div class=\"edgtf-accordion-content-inner\">\n<div class=\"wpb_text_column wpb_content_element \">\n<div class=\"wpb_wrapper\">\n<p>LOGO | COULEURS | POLICES | CHARTE GRAPHIQUE | ILLUSTRATIONS | WEB DESIGN<\/p>\n<p>&nbsp;<\/p>\n<p>L\u2019identit\u00e9 visuelle c\u2019est l\u2019adn d\u2019une entreprise. C\u2019est la touche qui la rend visible, identifiable et unique.<br \/>\nNous concevons pour le off-line des <strong>cartes de visite, papier en-t\u00eate, flyers, brochures, catalogue, packaging.<\/strong>.., pour on-line des <strong>visuels pour le web et du contenu digital pour les r\u00e9seaux sociaux<\/strong>.<\/p>\n<\/div>\n<\/div>\n<\/div>\n<\/div>\n<p>[\/vc_column_text]    <\/div>\n<\/div><h5 class=\"edgtf-accordion-title\">\n<span class=\"edgtf-accordion-mark\">\n\t\t<span class=\"edgtf_icon_plus icon_plus\"><\/span>\n\t\t<span class=\"edgtf_icon_minus icon_minus-06\"><\/span>\n\t<\/span>\n<span class=\"edgtf-tab-title\">Design d\u2019int\u00e9rieur<\/span>\n<\/h5>\n<div class=\"edgtf-accordion-content\">\n    <div class=\"edgtf-accordion-content-inner\">\n        [vc_column_text]<\/p>\n<div class=\"edgtf-accordion-content ui-accordion-content ui-helper-reset ui-widget-content ui-corner-bottom ui-accordion-content-active\">\n<div class=\"edgtf-accordion-content-inner\">\n<div class=\"wpb_text_column wpb_content_element \">\n<div class=\"wpb_wrapper\">\n<p>STYLISME | CONSEIL EN STYLE | CONCEPT STORE<\/p>\n<p>&nbsp;<\/p>\n<p><strong>Nous appliquons notre sens du d\u00e9cor dans des int\u00e9rieurs particuliers.<\/strong><\/p>\n<p>Nous respectons l\u2019espace pour ce qu\u2019il est, qu\u2019il ait un h\u00e9ritage sp\u00e9cifique ou non, cr\u00e9ons des environnements harmonieux avec des mat\u00e9riaux coh\u00e9rents et des choix affirm\u00e9s.<\/p>\n<p>Quant aux projets \u00abconcept store\u00bb le style du lieu et l\u2019ensemble des \u00e9l\u00e9ments de l\u2019identit\u00e9 visuelle sont imagin\u00e9s en m\u00eame temps, afin de proposer un projet fort et coh\u00e9rent.<\/p>\n<\/div>\n<\/div>\n<\/div>\n<\/div>\n<p>[\/vc_column_text]    <\/div>\n<\/div><\/div>[vc_empty_space height=\u00a0\u00bb110px\u00a0\u00bb]        <\/div>\n    <\/div>\n<\/div><\/div>[\/vc_column][\/vc_row][vc_row][vc_column][vc_empty_space]<div class=\"edgtf-call-to-action-holder  edgtf-normal-layout edgtf-content-in-grid edgtf-three-quarters-columns\">\n    <div class=\"edgtf-cta-inner edgtf-grid\">\n        <div class=\"edgtf-cta-text-holder\">\n            <div class=\"edgtf-cta-text\">\n<h3><span style=\"color: #999999;\">Vous souhaitez \u00eatre unique ? Partageons un caf\u00e9 pour parler de votre image.<\/span><\/h3>\n<\/div>\n        <\/div>\n        <div class=\"edgtf-cta-button-holder\" >\n            <div class=\"edgtf-cta-button\"><a itemprop=\"url\" href=\"mailto:info@souslechapeau.fr\" target=\"_self\"  class=\"edgtf-btn edgtf-btn-large edgtf-btn-outline\"  >            <span class=\"edgtf-btn-text\">\u00c9crivez-nous.<\/span>            <\/a><\/div>\n        <\/div>\n    <\/div>\n<\/div>[vc_empty_space][\/vc_column][\/vc_row][vc_row][vc_column][vc_empty_space]<div class=\"edgtf-image-gallery edgtf-grid-list edgtf-grid-masonry-list edgtf-disable-bottom-space  edgtf-ig-masonry-type edgtf-five-columns edgtf-no-space  \">\n    <div class=\"edgtf-ig-inner edgtf-outer-space edgtf-masonry-list-wrapper\">\n        <div class=\"edgtf-masonry-grid-sizer\"><\/div>\n        <div class=\"edgtf-masonry-grid-gutter\"><\/div>\n                                <div class=\"edgtf-ig-image edgtf-item-space \">\n                <div class=\"edgtf-ig-image-inner\">\n                                                <img width=\"1080\" height=\"1080\" src=\"https:\/\/souslechapeau.fr\/wp-content\/uploads\/2020\/09\/SOUSLECHAPEAU_COMMUNICATION_BUREAU.jpg\" class=\"attachment-full size-full\" alt=\"SOUSLECHAPEAU_COMMUNICATION_BUREAU\" loading=\"lazy\" srcset=\"https:\/\/souslechapeau.fr\/wp-content\/uploads\/2020\/09\/SOUSLECHAPEAU_COMMUNICATION_BUREAU.jpg 1080w, https:\/\/souslechapeau.fr\/wp-content\/uploads\/2020\/09\/SOUSLECHAPEAU_COMMUNICATION_BUREAU-300x300.jpg 300w, https:\/\/souslechapeau.fr\/wp-content\/uploads\/2020\/09\/SOUSLECHAPEAU_COMMUNICATION_BUREAU-1024x1024.jpg 1024w, https:\/\/souslechapeau.fr\/wp-content\/uploads\/2020\/09\/SOUSLECHAPEAU_COMMUNICATION_BUREAU-150x150.jpg 150w, https:\/\/souslechapeau.fr\/wp-content\/uploads\/2020\/09\/SOUSLECHAPEAU_COMMUNICATION_BUREAU-768x768.jpg 768w, https:\/\/souslechapeau.fr\/wp-content\/uploads\/2020\/09\/SOUSLECHAPEAU_COMMUNICATION_BUREAU-550x550.jpg 550w, https:\/\/souslechapeau.fr\/wp-content\/uploads\/2020\/09\/SOUSLECHAPEAU_COMMUNICATION_BUREAU-600x600.jpg 600w, https:\/\/souslechapeau.fr\/wp-content\/uploads\/2020\/09\/SOUSLECHAPEAU_COMMUNICATION_BUREAU-100x100.jpg 100w\" sizes=\"(max-width: 1080px) 100vw, 1080px\" \/>                                            <\/div>\n            <\/div>\n                                <div class=\"edgtf-ig-image edgtf-item-space \">\n                <div class=\"edgtf-ig-image-inner\">\n                                                <img width=\"1080\" height=\"1080\" src=\"https:\/\/souslechapeau.fr\/wp-content\/uploads\/2020\/09\/SOUSLECHAPEAU_COMMUNICATION_BUREAU3.jpg\" class=\"attachment-full size-full\" alt=\"\" loading=\"lazy\" srcset=\"https:\/\/souslechapeau.fr\/wp-content\/uploads\/2020\/09\/SOUSLECHAPEAU_COMMUNICATION_BUREAU3.jpg 1080w, https:\/\/souslechapeau.fr\/wp-content\/uploads\/2020\/09\/SOUSLECHAPEAU_COMMUNICATION_BUREAU3-300x300.jpg 300w, https:\/\/souslechapeau.fr\/wp-content\/uploads\/2020\/09\/SOUSLECHAPEAU_COMMUNICATION_BUREAU3-1024x1024.jpg 1024w, https:\/\/souslechapeau.fr\/wp-content\/uploads\/2020\/09\/SOUSLECHAPEAU_COMMUNICATION_BUREAU3-150x150.jpg 150w, https:\/\/souslechapeau.fr\/wp-content\/uploads\/2020\/09\/SOUSLECHAPEAU_COMMUNICATION_BUREAU3-768x768.jpg 768w, https:\/\/souslechapeau.fr\/wp-content\/uploads\/2020\/09\/SOUSLECHAPEAU_COMMUNICATION_BUREAU3-550x550.jpg 550w, https:\/\/souslechapeau.fr\/wp-content\/uploads\/2020\/09\/SOUSLECHAPEAU_COMMUNICATION_BUREAU3-600x600.jpg 600w, https:\/\/souslechapeau.fr\/wp-content\/uploads\/2020\/09\/SOUSLECHAPEAU_COMMUNICATION_BUREAU3-100x100.jpg 100w\" sizes=\"(max-width: 1080px) 100vw, 1080px\" \/>                                            <\/div>\n            <\/div>\n                                <div class=\"edgtf-ig-image edgtf-item-space \">\n                <div class=\"edgtf-ig-image-inner\">\n                                                <img width=\"1080\" height=\"1080\" src=\"https:\/\/souslechapeau.fr\/wp-content\/uploads\/2020\/09\/SOUSLECHAPEAU_COMMUNICATION_BUREAU2.jpg\" class=\"attachment-full size-full\" alt=\"\" loading=\"lazy\" srcset=\"https:\/\/souslechapeau.fr\/wp-content\/uploads\/2020\/09\/SOUSLECHAPEAU_COMMUNICATION_BUREAU2.jpg 1080w, https:\/\/souslechapeau.fr\/wp-content\/uploads\/2020\/09\/SOUSLECHAPEAU_COMMUNICATION_BUREAU2-300x300.jpg 300w, https:\/\/souslechapeau.fr\/wp-content\/uploads\/2020\/09\/SOUSLECHAPEAU_COMMUNICATION_BUREAU2-1024x1024.jpg 1024w, https:\/\/souslechapeau.fr\/wp-content\/uploads\/2020\/09\/SOUSLECHAPEAU_COMMUNICATION_BUREAU2-150x150.jpg 150w, https:\/\/souslechapeau.fr\/wp-content\/uploads\/2020\/09\/SOUSLECHAPEAU_COMMUNICATION_BUREAU2-768x768.jpg 768w, https:\/\/souslechapeau.fr\/wp-content\/uploads\/2020\/09\/SOUSLECHAPEAU_COMMUNICATION_BUREAU2-550x550.jpg 550w, https:\/\/souslechapeau.fr\/wp-content\/uploads\/2020\/09\/SOUSLECHAPEAU_COMMUNICATION_BUREAU2-600x600.jpg 600w, https:\/\/souslechapeau.fr\/wp-content\/uploads\/2020\/09\/SOUSLECHAPEAU_COMMUNICATION_BUREAU2-100x100.jpg 100w\" sizes=\"(max-width: 1080px) 100vw, 1080px\" \/>                                            <\/div>\n            <\/div>\n                                <div class=\"edgtf-ig-image edgtf-item-space \">\n                <div class=\"edgtf-ig-image-inner\">\n                                                <img width=\"1080\" height=\"1080\" src=\"https:\/\/souslechapeau.fr\/wp-content\/uploads\/2020\/09\/SOUSLECHAPEAU_COMMUNICATION_BUREAU1.jpg\" class=\"attachment-full size-full\" alt=\"\" loading=\"lazy\" srcset=\"https:\/\/souslechapeau.fr\/wp-content\/uploads\/2020\/09\/SOUSLECHAPEAU_COMMUNICATION_BUREAU1.jpg 1080w, https:\/\/souslechapeau.fr\/wp-content\/uploads\/2020\/09\/SOUSLECHAPEAU_COMMUNICATION_BUREAU1-300x300.jpg 300w, https:\/\/souslechapeau.fr\/wp-content\/uploads\/2020\/09\/SOUSLECHAPEAU_COMMUNICATION_BUREAU1-1024x1024.jpg 1024w, https:\/\/souslechapeau.fr\/wp-content\/uploads\/2020\/09\/SOUSLECHAPEAU_COMMUNICATION_BUREAU1-150x150.jpg 150w, https:\/\/souslechapeau.fr\/wp-content\/uploads\/2020\/09\/SOUSLECHAPEAU_COMMUNICATION_BUREAU1-768x768.jpg 768w, https:\/\/souslechapeau.fr\/wp-content\/uploads\/2020\/09\/SOUSLECHAPEAU_COMMUNICATION_BUREAU1-550x550.jpg 550w, https:\/\/souslechapeau.fr\/wp-content\/uploads\/2020\/09\/SOUSLECHAPEAU_COMMUNICATION_BUREAU1-600x600.jpg 600w, https:\/\/souslechapeau.fr\/wp-content\/uploads\/2020\/09\/SOUSLECHAPEAU_COMMUNICATION_BUREAU1-100x100.jpg 100w\" sizes=\"(max-width: 1080px) 100vw, 1080px\" \/>                                            <\/div>\n            <\/div>\n                                <div class=\"edgtf-ig-image edgtf-item-space \">\n                <div class=\"edgtf-ig-image-inner\">\n                                                <img width=\"1080\" height=\"1080\" src=\"https:\/\/souslechapeau.fr\/wp-content\/uploads\/2020\/09\/SOUSLECHAPEAU_COMMUNICATION_BUREAU0.jpg\" class=\"attachment-full size-full\" alt=\"\" loading=\"lazy\" srcset=\"https:\/\/souslechapeau.fr\/wp-content\/uploads\/2020\/09\/SOUSLECHAPEAU_COMMUNICATION_BUREAU0.jpg 1080w, https:\/\/souslechapeau.fr\/wp-content\/uploads\/2020\/09\/SOUSLECHAPEAU_COMMUNICATION_BUREAU0-300x300.jpg 300w, https:\/\/souslechapeau.fr\/wp-content\/uploads\/2020\/09\/SOUSLECHAPEAU_COMMUNICATION_BUREAU0-1024x1024.jpg 1024w, https:\/\/souslechapeau.fr\/wp-content\/uploads\/2020\/09\/SOUSLECHAPEAU_COMMUNICATION_BUREAU0-150x150.jpg 150w, https:\/\/souslechapeau.fr\/wp-content\/uploads\/2020\/09\/SOUSLECHAPEAU_COMMUNICATION_BUREAU0-768x768.jpg 768w, https:\/\/souslechapeau.fr\/wp-content\/uploads\/2020\/09\/SOUSLECHAPEAU_COMMUNICATION_BUREAU0-550x550.jpg 550w, https:\/\/souslechapeau.fr\/wp-content\/uploads\/2020\/09\/SOUSLECHAPEAU_COMMUNICATION_BUREAU0-600x600.jpg 600w, https:\/\/souslechapeau.fr\/wp-content\/uploads\/2020\/09\/SOUSLECHAPEAU_COMMUNICATION_BUREAU0-100x100.jpg 100w\" sizes=\"(max-width: 1080px) 100vw, 1080px\" \/>                                            <\/div>\n            <\/div>\n            <\/div>\n<\/div>[\/vc_column][\/vc_row]<\/p>\n","protected":false},"excerpt":{"rendered":"<p>[vc_row][vc_column][vc_row_inner row_content_width=\u00a0\u00bbgrid\u00a0\u00bb][vc_column_inner][vc_column_text] Donnons du style \u00e0 tout ce que vous faites ! C&rsquo;est bon pour l\u2019image de marque, c\u2019est excellent pour le chiffre d\u2019affaires. Nous apportons une expertise globale et une r\u00e9ponse personnalis\u00e9e \u00e0 des marques soucieuses d\u2019anticiper l\u2019avenir, de [&hellip;]<\/p>\n","protected":false},"author":1,"featured_media":0,"parent":0,"menu_order":0,"comment_status":"closed","ping_status":"closed","template":"full-width.php","meta":[],"_links":{"self":[{"href":"https:\/\/souslechapeau.fr\/index.php\/wp-json\/wp\/v2\/pages\/1239"}],"collection":[{"href":"https:\/\/souslechapeau.fr\/index.php\/wp-json\/wp\/v2\/pages"}],"about":[{"href":"https:\/\/souslechapeau.fr\/index.php\/wp-json\/wp\/v2\/types\/page"}],"author":[{"embeddable":true,"href":"https:\/\/souslechapeau.fr\/index.php\/wp-json\/wp\/v2\/users\/1"}],"replies":[{"embeddable":true,"href":"https:\/\/souslechapeau.fr\/index.php\/wp-json\/wp\/v2\/comments?post=1239"}],"version-history":[{"count":20,"href":"https:\/\/souslechapeau.fr\/index.php\/wp-json\/wp\/v2\/pages\/1239\/revisions"}],"predecessor-version":[{"id":3928,"href":"https:\/\/souslechapeau.fr\/index.php\/wp-json\/wp\/v2\/pages\/1239\/revisions\/3928"}],"wp:attachment":[{"href":"https:\/\/souslechapeau.fr\/index.php\/wp-json\/wp\/v2\/media?parent=1239"}],"curies":[{"name":"wp","href":"https:\/\/api.w.org\/{rel}","templated":true}]}}